{"id":3726,"date":"2021-12-21T14:41:07","date_gmt":"2021-12-21T13:41:07","guid":{"rendered":"https:\/\/www.diepvriesurk.nl\/?page_id=3726"},"modified":"2021-12-21T14:41:08","modified_gmt":"2021-12-21T13:41:08","slug":"sortieren","status":"publish","type":"page","link":"https:\/\/diepvriesurk.nl\/de\/dienstleistungen\/sortieren\/","title":{"rendered":"Sortieren"},"content":{"rendered":"<div class=\"gb-container gb-container-282881a6 hero-section-angle  alignfull\"><div class=\"gb-inside-container\"><\/div><\/div>\n\n<div class=\"gb-container gb-container-e9800ed2 fixed-margins-section alignfull\"><div class=\"gb-inside-container\">\n<div class=\"yoast-breadcrumbs\"><span><span><a href=\"https:\/\/diepvriesurk.nl\/de\/\">Home<\/a><\/span> | <span><a href=\"https:\/\/diepvriesurk.nl\/de\/dienstleistungen\/\">Dienstleistungen<\/a><\/span> | <span class=\"breadcrumb_last\" aria-current=\"page\">Sortieren<\/span><\/span><\/div>\n\n\n<h2 class=\"wp-block-heading\">Sortieren<\/h2>\n\n\n\n<p>Auf unserer computergesteuerten Sortieranlage ist es m\u00f6glich, genau nach Gewicht zu sortieren. Unabh\u00e4ngig davon, ob es sich um ganze Fische oder Filets in frischem oder gefrorenem Zustand handelt. Dadurch kann ein einheitliches Produkt in Bezug auf das Gewicht angeboten werden. Der Fisch wird nach Ihren W\u00fcnschen weiterverarbeitet und verpackt. Mithilfe unserer Sortieranlage k\u00f6nnen wir Ihnen Ihr Produkt in bis zu neun Sortierungen liefern. Und das bis aufs Gramm genau.<\/p>\n\n\n\n<div class=\"wp-block-columns is-layout-flex wp-container-core-columns-is-layout-28f84493 wp-block-columns-is-layout-flex\">\n<div class=\"wp-block-column is-layout-flow wp-block-column-is-layout-flow\">\n<figure class=\"wp-block-image size-large\"><picture><source srcset=\"https:\/\/diepvriesurk.nl\/wp-content\/webp-express\/webp-images\/doc-root\/wp-content\/uploads\/2021\/10\/Sorteerband_DSC02383-1024x683.jpg.webp 1024w, https:\/\/diepvriesurk.nl\/wp-content\/webp-express\/webp-images\/doc-root\/wp-content\/uploads\/2021\/10\/Sorteerband_DSC02383-300x200.jpg.webp 300w, https:\/\/diepvriesurk.nl\/wp-content\/webp-express\/webp-images\/doc-root\/wp-content\/uploads\/2021\/10\/Sorteerband_DSC02383-768x512.jpg.webp 768w, https:\/\/diepvriesurk.nl\/wp-content\/webp-express\/webp-images\/doc-root\/wp-content\/uploads\/2021\/10\/Sorteerband_DSC02383.jpg.webp 1200w\" sizes=\"(max-width: 1024px) 100vw, 1024px\" type=\"image\/webp\"><img decoding=\"async\" width=\"1024\" height=\"683\" src=\"https:\/\/diepvriesurk.nl\/wp-content\/uploads\/2021\/10\/Sorteerband_DSC02383-1024x683.jpg\" alt=\"\" class=\"wp-image-4302 webpexpress-processed\" srcset=\"https:\/\/diepvriesurk.nl\/wp-content\/uploads\/2021\/10\/Sorteerband_DSC02383-1024x683.jpg 1024w, https:\/\/diepvriesurk.nl\/wp-content\/uploads\/2021\/10\/Sorteerband_DSC02383-300x200.jpg 300w, https:\/\/diepvriesurk.nl\/wp-content\/uploads\/2021\/10\/Sorteerband_DSC02383-768x512.jpg 768w, https:\/\/diepvriesurk.nl\/wp-content\/uploads\/2021\/10\/Sorteerband_DSC02383.jpg 1200w\" sizes=\"(max-width: 1024px) 100vw, 1024px\"><\/picture><\/figure>\n<\/div>\n\n\n\n<div class=\"wp-block-column is-layout-flow wp-block-column-is-layout-flow\">\n<figure class=\"wp-block-image size-large\"><picture><source srcset=\"https:\/\/diepvriesurk.nl\/wp-content\/webp-express\/webp-images\/doc-root\/wp-content\/uploads\/2021\/10\/Sorteerband_DSC02440-1024x683.jpg.webp 1024w, https:\/\/diepvriesurk.nl\/wp-content\/webp-express\/webp-images\/doc-root\/wp-content\/uploads\/2021\/10\/Sorteerband_DSC02440-300x200.jpg.webp 300w, https:\/\/diepvriesurk.nl\/wp-content\/webp-express\/webp-images\/doc-root\/wp-content\/uploads\/2021\/10\/Sorteerband_DSC02440-768x512.jpg.webp 768w, https:\/\/diepvriesurk.nl\/wp-content\/webp-express\/webp-images\/doc-root\/wp-content\/uploads\/2021\/10\/Sorteerband_DSC02440.jpg.webp 1200w\" sizes=\"(max-width: 1024px) 100vw, 1024px\" type=\"image\/webp\"><img decoding=\"async\" width=\"1024\" height=\"683\" src=\"https:\/\/diepvriesurk.nl\/wp-content\/uploads\/2021\/10\/Sorteerband_DSC02440-1024x683.jpg\" alt=\"\" class=\"wp-image-4310 webpexpress-processed\" srcset=\"https:\/\/diepvriesurk.nl\/wp-content\/uploads\/2021\/10\/Sorteerband_DSC02440-1024x683.jpg 1024w, https:\/\/diepvriesurk.nl\/wp-content\/uploads\/2021\/10\/Sorteerband_DSC02440-300x200.jpg 300w, https:\/\/diepvriesurk.nl\/wp-content\/uploads\/2021\/10\/Sorteerband_DSC02440-768x512.jpg 768w, https:\/\/diepvriesurk.nl\/wp-content\/uploads\/2021\/10\/Sorteerband_DSC02440.jpg 1200w\" sizes=\"(max-width: 1024px) 100vw, 1024px\"><\/picture><\/figure>\n<\/div>\n<\/div>\n\n<\/div><\/div>\n\n<div class=\"gb-container gb-container-d69df475 fixed-margins-section overflow-hidden\"><div class=\"gb-inside-container\">\n<div class=\"gb-grid-wrapper gb-grid-wrapper-d11789ef\">\n<div class=\"gb-grid-column gb-grid-column-81aca3ba\"><div class=\"gb-container gb-container-81aca3ba fade-right\"><div class=\"gb-inside-container\">\n\n<div class=\"wp-block-image\"><figure class=\"aligncenter size-full\"><picture><source srcset=\"https:\/\/diepvriesurk.nl\/wp-content\/webp-express\/webp-images\/doc-root\/wp-content\/uploads\/2021\/09\/Hendrik_3000px_DSC04639-e1636033244428.jpg.webp\" type=\"image\/webp\"><img decoding=\"async\" src=\"https:\/\/diepvriesurk.nl\/wp-content\/uploads\/2021\/09\/Hendrik_3000px_DSC04639-e1636033244428.jpg\" alt=\"\" class=\"wp-image-4572 webpexpress-processed\"><\/picture><\/figure><\/div>\n\n\n\n<h4 class=\"wp-block-heading\">Hendrik van Veen<\/h4>\n\n\n\n<p><meta charset=\"utf-8\">Tel. <meta charset=\"utf-8\"><a href=\"tel:+31527684500\">0527 684 500<\/a><br>E-mail <a href=\"mailto:hendrik@diepvriesurk.nl\">hendrik@diepvriesurk.nl<\/a><\/p>\n\n<\/div><\/div><\/div>\n\n<div class=\"gb-grid-column gb-grid-column-96bc1f5e\"><div class=\"gb-container gb-container-96bc1f5e fade-left h-auto\"><div class=\"gb-inside-container\">\n\n<h2 class=\"wp-block-heading\">Bitte nehmen Sie unverbindlich Kontakt zu uns auf<\/h2>\n\n\n\n<p>Suchen Sie eine Co-Packing-L\u00f6sung? Wir suchen gemeinsam nach einer ma\u00dfgeschneiderten L\u00f6sung. Bitte wenden Sie sich unverbindlich an Hendrik van Veen unter,&nbsp;<a href=\"tel:+31527684500\">0527 684 500<\/a>&nbsp;oder&nbsp;<a href=\"mailto:info@diepvriesurk.nl\">hendrik@diepvriesurk.nl<\/a><\/p>\n\n<\/div><\/div><\/div>\n<\/div>\n<\/div><\/div>","protected":false},"excerpt":{"rendered":"<p>Sortieren Auf unserer computergesteuerten Sortieranlage ist es m\u00f6glich, genau nach Gewicht zu sortieren. Unabh\u00e4ngig davon, ob es sich um ganze Fische oder Filets in frischem oder gefrorenem Zustand handelt. Dadurch kann ein einheitliches Produkt in Bezug auf das Gewicht angeboten werden. Der Fisch wird nach Ihren W\u00fcnschen weiterverarbeitet und verpackt. Mithilfe unserer Sortieranlage k\u00f6nnen wir [&hellip;]<\/p>\n","protected":false},"author":2,"featured_media":0,"parent":3119,"menu_order":1,"comment_status":"closed","ping_status":"closed","template":"","meta":{"_acf_changed":false,"footnotes":""},"class_list":["post-3726","page","type-page","status-publish","hentry"],"blocksy_meta":{"page_title_panel":"","has_hero_section":"disabled","b0bcf61a477b44d34d3f466147a584bb":"","hero_section":"type-1","hero_elements":[{"id":"custom_title","enabled":false,"heading_tag":"h1","title":"Home","__id":"Y6khUB4gAGdZZFZBz_AR5"},{"id":"custom_description","enabled":false,"description_visibility":{"desktop":true,"tablet":true,"mobile":false},"__id":"Zx4PulaiwG6cVdABGw_Xi"},{"id":"custom_meta","enabled":false,"meta_elements":[{"id":"author","enabled":true,"label":"By","has_author_avatar":"yes","avatar_size":25},{"id":"post_date","enabled":true,"label":"On","date_format_source":"default","date_format":"M j, Y"},{"id":"comments","enabled":true}],"page_meta_elements":{"joined":true,"articles_count":true,"comments":true},"__id":"CaQRZzZbK6gV7jH42pGx-"},{"id":"breadcrumbs","enabled":false,"__id":"_B7WbyQ_9ZZQZlxQCAptJ"}],"6a86d140dec4159912641ae246b7801e":"","hero_alignment1":"left","hero_alignment2":"center","hero_vertical_alignment":"center","41aa13d1fed6ffecd364c2a39a774aca":"","hero_structure":"narrow","b340154c4a3bba02ca0c20ad330341b4":"","page_title_bg_type":"featured_image","custom_hero_background":{"attachment_id":null},"parallax":{"desktop":false,"tablet":false,"mobile":false},"44e6f3202a53661b006d1325e23c4ee4":"","hero_height":"250px","pageTitleFont":{"family":"Default","variation":"Default","size":{"desktop":"32px","tablet":"30px","mobile":"25px"},"line-height":"CT_CSS_SKIP_RULE","letter-spacing":"CT_CSS_SKIP_RULE","text-transform":"CT_CSS_SKIP_RULE","text-decoration":"CT_CSS_SKIP_RULE"},"pageTitleFontColor":{"default":{"color":"CT_CSS_SKIP_RULEDEFAULT"}},"pageMetaFont":{"family":"Default","variation":"n6","size":"12px","line-height":"1.3","letter-spacing":"CT_CSS_SKIP_RULE","text-transform":"uppercase","text-decoration":"CT_CSS_SKIP_RULE"},"pageMetaFontColor":{"default":{"color":"CT_CSS_SKIP_RULEDEFAULT"},"hover":{"color":"CT_CSS_SKIP_RULEDEFAULT"}},"pageExcerptFont":{"family":"Default","variation":"Default","size":"CT_CSS_SKIP_RULE","line-height":"CT_CSS_SKIP_RULE","letter-spacing":"CT_CSS_SKIP_RULE","text-transform":"CT_CSS_SKIP_RULE","text-decoration":"CT_CSS_SKIP_RULE"},"pageExcerptColor":{"default":{"color":"CT_CSS_SKIP_RULEDEFAULT"}},"breadcrumbsFont":{"family":"Default","variation":"n6","size":"12px","line-height":"CT_CSS_SKIP_RULE","letter-spacing":"CT_CSS_SKIP_RULE","text-transform":"uppercase","text-decoration":"CT_CSS_SKIP_RULE"},"breadcrumbsFontColor":{"default":{"color":"CT_CSS_SKIP_RULEDEFAULT"},"initial":{"color":"CT_CSS_SKIP_RULEDEFAULT"},"hover":{"color":"CT_CSS_SKIP_RULEDEFAULT"}},"pageTitleOverlay":{"default":{"color":"CT_CSS_SKIP_RULE"}},"pageTitleBackground":{"background_type":"color","background_pattern":"type-1","background_image":{"attachment_id":null,"x":0,"y":0},"gradient":"linear-gradient(135deg,rgba(6,147,227,1) 0%,rgb(155,81,224) 100%)","background_repeat":"no-repeat","background_size":"auto","background_attachment":"scroll","patternColor":{"default":{"color":"#e5e7ea"}},"overlayColor":{"default":{"color":"CT_CSS_SKIP_RULE"}},"backgroundColor":{"default":{"color":"#EDEFF2"}}},"92d328a8166542dcbd3c70976a79e6fb":"","page_structure_type":"default","content_style":"inherit","vertical_spacing_source":"custom","content_area_spacing":"none","background":{"background_type":"color","background_pattern":"type-1","background_image":{"attachment_id":null,"x":0,"y":0},"gradient":"linear-gradient(135deg,rgba(6,147,227,1) 0%,rgb(155,81,224) 100%)","background_repeat":"no-repeat","background_size":"auto","background_attachment":"scroll","patternColor":{"default":{"color":"#e5e7ea"}},"overlayColor":{"default":{"color":"CT_CSS_SKIP_RULE"}},"backgroundColor":{"default":{"color":"CT_CSS_SKIP_RULE"}}},"content_background":{"background_type":"color","background_pattern":"type-1","background_image":{"attachment_id":null,"x":0,"y":0},"gradient":"linear-gradient(135deg,rgba(6,147,227,1) 0%,rgb(155,81,224) 100%)","background_repeat":"no-repeat","background_size":"auto","background_attachment":"scroll","patternColor":{"default":{"color":"#e5e7ea"}},"overlayColor":{"default":{"color":"CT_CSS_SKIP_RULE"}},"backgroundColor":{"default":{"color":"#ffffff"}}},"content_boxed_shadow":{"inherit":false,"blur":18,"spread":-6,"v_offset":12,"h_offset":0,"inset":false,"enable":true,"color":{"color":"rgba(34, 56, 101, 0.04)"}},"boxed_content_spacing":{"desktop":{"top":"40px","bottom":"40px","left":"40px","right":"40px","linked":true},"tablet":{"top":"35px","bottom":"35px","left":"35px","right":"35px","linked":true},"mobile":{"top":"20px","bottom":"20px","left":"20px","right":"20px","linked":true}},"content_boxed_radius":{"top":"3px","bottom":"3px","left":"3px","right":"3px","linked":true},"43724777f327b8931e8a2e0911cc6c52":"","disable_featured_image":"no","disable_header":"no","disable_footer":"no","3d43cf42515988c9004c52682b561440":"","d7604e7cb081bb659235ddc693d1da2d":"","hero_margin":{"desktop":"0","tablet":"0","mobile":"0","__changed":["mobile","tablet"]},"991a08045a14defff12390aff3a02d32":"","51a391c3170f49d078acc81826ddb351":"","9bcda35d13d6daea61cfad48e28d02e5":"","99b57b262e58f32660aaaa446b5f0b3c":"","95bdde3f5896f81b81883487140c520b":"","e020ebdedb0cb46b220928a4ebf7c0e5":"","47dd6dd73fcaac5d8363dd0a495159d6":"","873067bb6ab052f125371292b1ff7042":"","30620d1392afbd268c4c8dab82936123":"","a43688002e299611e44867a622ea70a0":"","4561e524d1adc49f2211bb560dc1cfc7":"","98a2f2fa0f1a02bdbc9f3b91cf2e4c06":"","1b8d0da3c48da055c34d7a83cdc91efa":"","36c76191ea6552ba5d7915c365e02ea4":"","bc8bd2f8f09309b34c7cd4d4f9b67717":"","0c7aa27137ffcdc65a77ce5f0c6e3928":"","8e89f5e8dfab363fe226a4e15c0bc4b4":"","f259a7341fc8f0f945501cdbb177bea7":"","183af9cd95f5720580abac239d1f1d05":"","ff343b6b7fa7f212f31373007485c729":"","96b44615bdbd5fecbcad729d98e17b18":"","fca6c23d3766460c5611872e7ad3cfa4":"","3d38b368984a097694aaed50e20dc609":"","d4e8a2923dcb3b4344d96aab244bf290":"","e471ebd3ea3fc7f242998a938c0fc7ac":"","c3bdf554de46a0788dbfd2d90ce4e6cf":"","ab1285c431759881cacea149314413d6":"","1453aad95c3f9f179cdc61c7a9ce2727":"","651a3fafeee39709b177fa7406c074eb":"","813f802b6b7d32878eefefe8a9b0683b":"","dd169c567080afe08a2a56a86ff6efaa":"","4916d94fa5100507f1f60356e0083290":"","04147a29052df8c47b6c3bd0a46ba2d7":"","19157a5a7240ed0911b475a44048671f":"","a96a589d95db7985a9b206cd4b4efeda":"","6759e28a5c7128fa70987f54aa92c0fe":"","ffdbb892ad159b98b3b9d7c299b39391":"","91c23c449a2c2aaeee79733479fd7959":"","pageTitlePadding":{"top":"50px","bottom":"50px","left":"auto","right":"auto","linked":true},"7bfe8e73eb9a38d5c47bedf28240f46b":"","9db0d72e6c7415998c4f2733821ab558":"","3f17dbdecf13ddba4d89b4476a374765":"","header_footer_scripts_panel":"","header_scripts":"","da78c8ee08ae13353f6666eacf95eb67":"","header_after_body_scripts":"","9655d8a4a01531b22f13ed7d1d8e6d47":"","footer_scripts":"","styles_descriptor":{"styles":{"desktop":"","tablet":"","mobile":""},"google_fonts":[],"version":6}},"acf":[],"yoast_head":"<!-- This site is optimized with the Yoast SEO plugin v27.3 - https:\/\/yoast.com\/product\/yoast-seo-wordpress\/ -->\n<title>Sorteren van verse en bevroren vis - Diepvries Urk<\/title>\n<meta name=\"description\" content=\"Diepvries Urk heeft een computergestuurde sorteerlijn. Sorteren van verse en bevroren vis doen we tot op de gram nauwkeurig\" \/>\n<meta name=\"robots\" content=\"index, follow, max-snippet:-1, max-image-preview:large, max-video-preview:-1\" \/>\n<link rel=\"canonical\" href=\"https:\/\/diepvriesurk.nl\/de\/dienstleistungen\/sortieren\/\" \/>\n<meta property=\"og:locale\" content=\"de_DE\" \/>\n<meta property=\"og:type\" content=\"article\" \/>\n<meta property=\"og:title\" content=\"Sorteren van verse en bevroren vis - Diepvries Urk\" \/>\n<meta property=\"og:description\" content=\"Diepvries Urk heeft een computergestuurde sorteerlijn. Sorteren van verse en bevroren vis doen we tot op de gram nauwkeurig\" \/>\n<meta property=\"og:url\" content=\"https:\/\/diepvriesurk.nl\/de\/dienstleistungen\/sortieren\/\" \/>\n<meta property=\"og:site_name\" content=\"Diepvriesurk\" \/>\n<meta property=\"article:modified_time\" content=\"2021-12-21T13:41:08+00:00\" \/>\n<meta property=\"og:image\" content=\"https:\/\/diepvriesurk.nl\/wp-content\/uploads\/2021\/10\/Sorteerband_DSC02383-1024x683.jpg\" \/>\n<meta name=\"twitter:card\" content=\"summary_large_image\" \/>\n<meta name=\"twitter:label1\" content=\"Gesch\u00e4tzte Lesezeit\" \/>\n\t<meta name=\"twitter:data1\" content=\"1\u00a0Minute\" \/>\n<script type=\"application\/ld+json\" class=\"yoast-schema-graph\">{\"@context\":\"https:\\\/\\\/schema.org\",\"@graph\":[{\"@type\":\"WebPage\",\"@id\":\"https:\\\/\\\/diepvriesurk.nl\\\/de\\\/dienstleistungen\\\/sortieren\\\/\",\"url\":\"https:\\\/\\\/diepvriesurk.nl\\\/de\\\/dienstleistungen\\\/sortieren\\\/\",\"name\":\"Sorteren van verse en bevroren vis - Diepvries Urk\",\"isPartOf\":{\"@id\":\"https:\\\/\\\/diepvriesurk.nl\\\/#website\"},\"primaryImageOfPage\":{\"@id\":\"https:\\\/\\\/diepvriesurk.nl\\\/de\\\/dienstleistungen\\\/sortieren\\\/#primaryimage\"},\"image\":{\"@id\":\"https:\\\/\\\/diepvriesurk.nl\\\/de\\\/dienstleistungen\\\/sortieren\\\/#primaryimage\"},\"thumbnailUrl\":\"https:\\\/\\\/diepvriesurk.nl\\\/wp-content\\\/uploads\\\/2021\\\/10\\\/Sorteerband_DSC02383-1024x683.jpg\",\"datePublished\":\"2021-12-21T13:41:07+00:00\",\"dateModified\":\"2021-12-21T13:41:08+00:00\",\"description\":\"Diepvries Urk heeft een computergestuurde sorteerlijn. Sorteren van verse en bevroren vis doen we tot op de gram nauwkeurig\",\"breadcrumb\":{\"@id\":\"https:\\\/\\\/diepvriesurk.nl\\\/de\\\/dienstleistungen\\\/sortieren\\\/#breadcrumb\"},\"inLanguage\":\"de\",\"potentialAction\":[{\"@type\":\"ReadAction\",\"target\":[\"https:\\\/\\\/diepvriesurk.nl\\\/de\\\/dienstleistungen\\\/sortieren\\\/\"]}]},{\"@type\":\"ImageObject\",\"inLanguage\":\"de\",\"@id\":\"https:\\\/\\\/diepvriesurk.nl\\\/de\\\/dienstleistungen\\\/sortieren\\\/#primaryimage\",\"url\":\"https:\\\/\\\/diepvriesurk.nl\\\/wp-content\\\/uploads\\\/2021\\\/10\\\/Sorteerband_DSC02383-1024x683.jpg\",\"contentUrl\":\"https:\\\/\\\/diepvriesurk.nl\\\/wp-content\\\/uploads\\\/2021\\\/10\\\/Sorteerband_DSC02383-1024x683.jpg\"},{\"@type\":\"BreadcrumbList\",\"@id\":\"https:\\\/\\\/diepvriesurk.nl\\\/de\\\/dienstleistungen\\\/sortieren\\\/#breadcrumb\",\"itemListElement\":[{\"@type\":\"ListItem\",\"position\":1,\"name\":\"Home\",\"item\":\"https:\\\/\\\/diepvriesurk.nl\\\/de\\\/\"},{\"@type\":\"ListItem\",\"position\":2,\"name\":\"Dienstleistungen\",\"item\":\"https:\\\/\\\/diepvriesurk.nl\\\/de\\\/dienstleistungen\\\/\"},{\"@type\":\"ListItem\",\"position\":3,\"name\":\"Sortieren\"}]},{\"@type\":\"WebSite\",\"@id\":\"https:\\\/\\\/diepvriesurk.nl\\\/#website\",\"url\":\"https:\\\/\\\/diepvriesurk.nl\\\/\",\"name\":\"Diepvriesurk\",\"description\":\"\",\"publisher\":{\"@id\":\"https:\\\/\\\/diepvriesurk.nl\\\/#organization\"},\"potentialAction\":[{\"@type\":\"SearchAction\",\"target\":{\"@type\":\"EntryPoint\",\"urlTemplate\":\"https:\\\/\\\/diepvriesurk.nl\\\/?s={search_term_string}\"},\"query-input\":{\"@type\":\"PropertyValueSpecification\",\"valueRequired\":true,\"valueName\":\"search_term_string\"}}],\"inLanguage\":\"de\"},{\"@type\":\"Organization\",\"@id\":\"https:\\\/\\\/diepvriesurk.nl\\\/#organization\",\"name\":\"Diepvriesurk\",\"url\":\"https:\\\/\\\/diepvriesurk.nl\\\/\",\"logo\":{\"@type\":\"ImageObject\",\"inLanguage\":\"de\",\"@id\":\"https:\\\/\\\/diepvriesurk.nl\\\/#\\\/schema\\\/logo\\\/image\\\/\",\"url\":\"https:\\\/\\\/diepvriesurk.nl\\\/wp-content\\\/uploads\\\/2021\\\/09\\\/diepvries-urk-DIA@3x.png\",\"contentUrl\":\"https:\\\/\\\/diepvriesurk.nl\\\/wp-content\\\/uploads\\\/2021\\\/09\\\/diepvries-urk-DIA@3x.png\",\"width\":414,\"height\":226,\"caption\":\"Diepvriesurk\"},\"image\":{\"@id\":\"https:\\\/\\\/diepvriesurk.nl\\\/#\\\/schema\\\/logo\\\/image\\\/\"}}]}<\/script>\n<!-- \/ Yoast SEO plugin. -->","yoast_head_json":{"title":"Sorteren van verse en bevroren vis - Diepvries Urk","description":"Diepvries Urk heeft een computergestuurde sorteerlijn. Sorteren van verse en bevroren vis doen we tot op de gram nauwkeurig","robots":{"index":"index","follow":"follow","max-snippet":"max-snippet:-1","max-image-preview":"max-image-preview:large","max-video-preview":"max-video-preview:-1"},"canonical":"https:\/\/diepvriesurk.nl\/de\/dienstleistungen\/sortieren\/","og_locale":"de_DE","og_type":"article","og_title":"Sorteren van verse en bevroren vis - Diepvries Urk","og_description":"Diepvries Urk heeft een computergestuurde sorteerlijn. Sorteren van verse en bevroren vis doen we tot op de gram nauwkeurig","og_url":"https:\/\/diepvriesurk.nl\/de\/dienstleistungen\/sortieren\/","og_site_name":"Diepvriesurk","article_modified_time":"2021-12-21T13:41:08+00:00","og_image":[{"url":"https:\/\/diepvriesurk.nl\/wp-content\/uploads\/2021\/10\/Sorteerband_DSC02383-1024x683.jpg","type":"","width":"","height":""}],"twitter_card":"summary_large_image","twitter_misc":{"Gesch\u00e4tzte Lesezeit":"1\u00a0Minute"},"schema":{"@context":"https:\/\/schema.org","@graph":[{"@type":"WebPage","@id":"https:\/\/diepvriesurk.nl\/de\/dienstleistungen\/sortieren\/","url":"https:\/\/diepvriesurk.nl\/de\/dienstleistungen\/sortieren\/","name":"Sorteren van verse en bevroren vis - Diepvries Urk","isPartOf":{"@id":"https:\/\/diepvriesurk.nl\/#website"},"primaryImageOfPage":{"@id":"https:\/\/diepvriesurk.nl\/de\/dienstleistungen\/sortieren\/#primaryimage"},"image":{"@id":"https:\/\/diepvriesurk.nl\/de\/dienstleistungen\/sortieren\/#primaryimage"},"thumbnailUrl":"https:\/\/diepvriesurk.nl\/wp-content\/uploads\/2021\/10\/Sorteerband_DSC02383-1024x683.jpg","datePublished":"2021-12-21T13:41:07+00:00","dateModified":"2021-12-21T13:41:08+00:00","description":"Diepvries Urk heeft een computergestuurde sorteerlijn. Sorteren van verse en bevroren vis doen we tot op de gram nauwkeurig","breadcrumb":{"@id":"https:\/\/diepvriesurk.nl\/de\/dienstleistungen\/sortieren\/#breadcrumb"},"inLanguage":"de","potentialAction":[{"@type":"ReadAction","target":["https:\/\/diepvriesurk.nl\/de\/dienstleistungen\/sortieren\/"]}]},{"@type":"ImageObject","inLanguage":"de","@id":"https:\/\/diepvriesurk.nl\/de\/dienstleistungen\/sortieren\/#primaryimage","url":"https:\/\/diepvriesurk.nl\/wp-content\/uploads\/2021\/10\/Sorteerband_DSC02383-1024x683.jpg","contentUrl":"https:\/\/diepvriesurk.nl\/wp-content\/uploads\/2021\/10\/Sorteerband_DSC02383-1024x683.jpg"},{"@type":"BreadcrumbList","@id":"https:\/\/diepvriesurk.nl\/de\/dienstleistungen\/sortieren\/#breadcrumb","itemListElement":[{"@type":"ListItem","position":1,"name":"Home","item":"https:\/\/diepvriesurk.nl\/de\/"},{"@type":"ListItem","position":2,"name":"Dienstleistungen","item":"https:\/\/diepvriesurk.nl\/de\/dienstleistungen\/"},{"@type":"ListItem","position":3,"name":"Sortieren"}]},{"@type":"WebSite","@id":"https:\/\/diepvriesurk.nl\/#website","url":"https:\/\/diepvriesurk.nl\/","name":"Diepvriesurk","description":"","publisher":{"@id":"https:\/\/diepvriesurk.nl\/#organization"},"potentialAction":[{"@type":"SearchAction","target":{"@type":"EntryPoint","urlTemplate":"https:\/\/diepvriesurk.nl\/?s={search_term_string}"},"query-input":{"@type":"PropertyValueSpecification","valueRequired":true,"valueName":"search_term_string"}}],"inLanguage":"de"},{"@type":"Organization","@id":"https:\/\/diepvriesurk.nl\/#organization","name":"Diepvriesurk","url":"https:\/\/diepvriesurk.nl\/","logo":{"@type":"ImageObject","inLanguage":"de","@id":"https:\/\/diepvriesurk.nl\/#\/schema\/logo\/image\/","url":"https:\/\/diepvriesurk.nl\/wp-content\/uploads\/2021\/09\/diepvries-urk-DIA@3x.png","contentUrl":"https:\/\/diepvriesurk.nl\/wp-content\/uploads\/2021\/09\/diepvries-urk-DIA@3x.png","width":414,"height":226,"caption":"Diepvriesurk"},"image":{"@id":"https:\/\/diepvriesurk.nl\/#\/schema\/logo\/image\/"}}]}},"_links":{"self":[{"href":"https:\/\/diepvriesurk.nl\/de\/wp-json\/wp\/v2\/pages\/3726","targetHints":{"allow":["GET"]}}],"collection":[{"href":"https:\/\/diepvriesurk.nl\/de\/wp-json\/wp\/v2\/pages"}],"about":[{"href":"https:\/\/diepvriesurk.nl\/de\/wp-json\/wp\/v2\/types\/page"}],"author":[{"embeddable":true,"href":"https:\/\/diepvriesurk.nl\/de\/wp-json\/wp\/v2\/users\/2"}],"replies":[{"embeddable":true,"href":"https:\/\/diepvriesurk.nl\/de\/wp-json\/wp\/v2\/comments?post=3726"}],"version-history":[{"count":3,"href":"https:\/\/diepvriesurk.nl\/de\/wp-json\/wp\/v2\/pages\/3726\/revisions"}],"predecessor-version":[{"id":5458,"href":"https:\/\/diepvriesurk.nl\/de\/wp-json\/wp\/v2\/pages\/3726\/revisions\/5458"}],"up":[{"embeddable":true,"href":"https:\/\/diepvriesurk.nl\/de\/wp-json\/wp\/v2\/pages\/3119"}],"wp:attachment":[{"href":"https:\/\/diepvriesurk.nl\/de\/wp-json\/wp\/v2\/media?parent=3726"}],"curies":[{"name":"wp","href":"https:\/\/api.w.org\/{rel}","templated":true}]}}